{"id":4484,"date":"2023-03-25T23:28:46","date_gmt":"2023-03-25T23:28:46","guid":{"rendered":"https:\/\/lichtplustechnik.de\/?page_id=4484"},"modified":"2026-02-27T20:16:45","modified_gmt":"2026-02-27T20:16:45","slug":"isolierte-stromschienen","status":"publish","type":"page","link":"https:\/\/lichtplustechnik.de\/en\/isolierte-stromschienen\/","title":{"rendered":"Isolierte Stromschienen von LICHT + TECHNIK"},"content":{"rendered":"\t\t<div data-elementor-type=\"wp-post\" data-elementor-id=\"4484\" class=\"elementor elementor-4484\" data-elementor-post-type=\"page\">\n\t\t\t\t\t\t<section class=\"elementor-section elementor-top-section elementor-element elementor-element-a9fd378 elementor-section-height-min-height elementor-section-stretched elementor-section-boxed elementor-section-height-default elementor-section-items-middle\" data-id=\"a9fd378\" data-element_type=\"section\" data-e-type=\"section\" data-settings=\"{&quot;jet_parallax_layout_list&quot;:[{&quot;jet_parallax_layout_image&quot;:{&quot;url&quot;:&quot;&quot;,&quot;id&quot;:&quot;&quot;,&quot;size&quot;:&quot;&quot;},&quot;_id&quot;:&quot;364066f&quot;,&quot;jet_parallax_layout_speed&quot;:{&quot;unit&quot;:&quot;%&quot;,&quot;size&quot;:50,&quot;sizes&quot;:[]},&quot;jet_parallax_layout_image_tablet&quot;:{&quot;url&quot;:&quot;&quot;,&quot;id&quot;:&quot;&quot;,&quot;size&quot;:&quot;&quot;},&quot;jet_parallax_layout_image_mobile&quot;:{&quot;url&quot;:&quot;&quot;,&quot;id&quot;:&quot;&quot;,&quot;size&quot;:&quot;&quot;},&quot;jet_parallax_layout_type&quot;:&quot;scroll&quot;,&quot;jet_parallax_layout_direction&quot;:&quot;1&quot;,&quot;jet_parallax_layout_fx_direction&quot;:null,&quot;jet_parallax_layout_z_index&quot;:&quot;&quot;,&quot;jet_parallax_layout_bg_x&quot;:50,&quot;jet_parallax_layout_bg_x_tablet&quot;:&quot;&quot;,&quot;jet_parallax_layout_bg_x_mobile&quot;:&quot;&quot;,&quot;jet_parallax_layout_bg_y&quot;:50,&quot;jet_parallax_layout_bg_y_tablet&quot;:&quot;&quot;,&quot;jet_parallax_layout_bg_y_mobile&quot;:&quot;&quot;,&quot;jet_parallax_layout_bg_size&quot;:&quot;auto&quot;,&quot;jet_parallax_layout_bg_size_tablet&quot;:&quot;&quot;,&quot;jet_parallax_layout_bg_size_mobile&quot;:&quot;&quot;,&quot;jet_parallax_layout_animation_prop&quot;:&quot;transform&quot;,&quot;jet_parallax_layout_on&quot;:[&quot;desktop&quot;,&quot;tablet&quot;]}],&quot;background_background&quot;:&quot;classic&quot;,&quot;stretch_section&quot;:&quot;section-stretched&quot;}\">\n\t\t\t\t\t\t\t<div class=\"elementor-background-overlay\"><\/div>\n\t\t\t\t\t\t\t<div class=\"elementor-container elementor-column-gap-default\">\n\t\t\t\t\t<div class=\"elementor-column elementor-col-100 elementor-top-column elementor-element elementor-element-b645feb\" data-id=\"b645feb\" data-element_type=\"column\" data-e-type=\"column\">\n\t\t\t<div class=\"elementor-widget-wrap elementor-element-populated\">\n\t\t\t\t\t\t<section class=\"elementor-section elementor-inner-section elementor-element elementor-element-b39e36b elementor-section-boxed elementor-section-height-default elementor-section-height-default\" data-id=\"b39e36b\" data-element_type=\"section\" data-e-type=\"section\" data-settings=\"{&quot;jet_parallax_layout_list&quot;:[{&quot;jet_parallax_layout_image&quot;:{&quot;url&quot;:&quot;&quot;,&quot;id&quot;:&quot;&quot;,&quot;size&quot;:&quot;&quot;},&quot;_id&quot;:&quot;a09670e&quot;,&quot;jet_parallax_layout_speed&quot;:{&quot;unit&quot;:&quot;%&quot;,&quot;size&quot;:50,&quot;sizes&quot;:[]},&quot;jet_parallax_layout_image_tablet&quot;:{&quot;url&quot;:&quot;&quot;,&quot;id&quot;:&quot;&quot;,&quot;size&quot;:&quot;&quot;},&quot;jet_parallax_layout_image_mobile&quot;:{&quot;url&quot;:&quot;&quot;,&quot;id&quot;:&quot;&quot;,&quot;size&quot;:&quot;&quot;},&quot;jet_parallax_layout_type&quot;:&quot;scroll&quot;,&quot;jet_parallax_layout_direction&quot;:&quot;1&quot;,&quot;jet_parallax_layout_fx_direction&quot;:null,&quot;jet_parallax_layout_z_index&quot;:&quot;&quot;,&quot;jet_parallax_layout_bg_x&quot;:50,&quot;jet_parallax_layout_bg_x_tablet&quot;:&quot;&quot;,&quot;jet_parallax_layout_bg_x_mobile&quot;:&quot;&quot;,&quot;jet_parallax_layout_bg_y&quot;:50,&quot;jet_parallax_layout_bg_y_tablet&quot;:&quot;&quot;,&quot;jet_parallax_layout_bg_y_mobile&quot;:&quot;&quot;,&quot;jet_parallax_layout_bg_size&quot;:&quot;auto&quot;,&quot;jet_parallax_layout_bg_size_tablet&quot;:&quot;&quot;,&quot;jet_parallax_layout_bg_size_mobile&quot;:&quot;&quot;,&quot;jet_parallax_layout_animation_prop&quot;:&quot;transform&quot;,&quot;jet_parallax_layout_on&quot;:[&quot;desktop&quot;,&quot;tablet&quot;]}]}\">\n\t\t\t\t\t\t<div class=\"elementor-container elementor-column-gap-default\">\n\t\t\t\t\t<div class=\"elementor-column elementor-col-50 elementor-inner-column elementor-element elementor-element-980589b\" data-id=\"980589b\" data-element_type=\"column\" data-e-type=\"column\" data-settings=\"{&quot;background_background&quot;:&quot;classic&quot;}\">\n\t\t\t<div class=\"elementor-widget-wrap elementor-element-populated\">\n\t\t\t\t\t\t<div class=\"elementor-element elementor-element-379face elementor-widget elementor-widget-heading\" data-id=\"379face\" data-element_type=\"widget\" data-e-type=\"widget\" data-widget_type=\"heading.default\">\n\t\t\t\t<div class=\"elementor-widget-container\">\n\t\t\t\t\t<p class=\"elementor-heading-title elementor-size-default\">Isolierte Stromschienen <br> LICHT + TECHNIK<\/p>\t\t\t\t<\/div>\n\t\t\t\t<\/div>\n\t\t\t\t\t<\/div>\n\t\t<\/div>\n\t\t\t\t<div class=\"elementor-column elementor-col-50 elementor-inner-column elementor-element elementor-element-b9ef9c2\" data-id=\"b9ef9c2\" data-element_type=\"column\" data-e-type=\"column\" data-settings=\"{&quot;background_background&quot;:&quot;classic&quot;}\">\n\t\t\t<div class=\"elementor-widget-wrap\">\n\t\t\t\t\t\t\t<\/div>\n\t\t<\/div>\n\t\t\t\t\t<\/div>\n\t\t<\/section>\n\t\t\t\t<section class=\"elementor-section elementor-inner-section elementor-element elementor-element-126134f elementor-section-boxed elementor-section-height-default elementor-section-height-default\" data-id=\"126134f\" data-element_type=\"section\" data-e-type=\"section\" data-settings=\"{&quot;jet_parallax_layout_list&quot;:[{&quot;jet_parallax_layout_image&quot;:{&quot;url&quot;:&quot;&quot;,&quot;id&quot;:&quot;&quot;,&quot;size&quot;:&quot;&quot;},&quot;_id&quot;:&quot;950bb91&quot;,&quot;jet_parallax_layout_speed&quot;:{&quot;unit&quot;:&quot;%&quot;,&quot;size&quot;:50,&quot;sizes&quot;:[]},&quot;jet_parallax_layout_image_tablet&quot;:{&quot;url&quot;:&quot;&quot;,&quot;id&quot;:&quot;&quot;,&quot;size&quot;:&quot;&quot;},&quot;jet_parallax_layout_image_mobile&quot;:{&quot;url&quot;:&quot;&quot;,&quot;id&quot;:&quot;&quot;,&quot;size&quot;:&quot;&quot;},&quot;jet_parallax_layout_type&quot;:&quot;scroll&quot;,&quot;jet_parallax_layout_direction&quot;:&quot;1&quot;,&quot;jet_parallax_layout_fx_direction&quot;:null,&quot;jet_parallax_layout_z_index&quot;:&quot;&quot;,&quot;jet_parallax_layout_bg_x&quot;:50,&quot;jet_parallax_layout_bg_x_tablet&quot;:&quot;&quot;,&quot;jet_parallax_layout_bg_x_mobile&quot;:&quot;&quot;,&quot;jet_parallax_layout_bg_y&quot;:50,&quot;jet_parallax_layout_bg_y_tablet&quot;:&quot;&quot;,&quot;jet_parallax_layout_bg_y_mobile&quot;:&quot;&quot;,&quot;jet_parallax_layout_bg_size&quot;:&quot;auto&quot;,&quot;jet_parallax_layout_bg_size_tablet&quot;:&quot;&quot;,&quot;jet_parallax_layout_bg_size_mobile&quot;:&quot;&quot;,&quot;jet_parallax_layout_animation_prop&quot;:&quot;transform&quot;,&quot;jet_parallax_layout_on&quot;:[&quot;desktop&quot;,&quot;tablet&quot;]}]}\">\n\t\t\t\t\t\t<div class=\"elementor-container elementor-column-gap-default\">\n\t\t\t\t\t<div class=\"elementor-column elementor-col-100 elementor-inner-column elementor-element elementor-element-25afa43\" data-id=\"25afa43\" data-element_type=\"column\" data-e-type=\"column\" data-settings=\"{&quot;background_background&quot;:&quot;classic&quot;}\">\n\t\t\t<div class=\"elementor-widget-wrap elementor-element-populated\">\n\t\t\t\t\t\t<div class=\"elementor-element elementor-element-92e0b45 elementor-widget elementor-widget-heading\" data-id=\"92e0b45\" data-element_type=\"widget\" data-e-type=\"widget\" data-widget_type=\"heading.default\">\n\t\t\t\t<div class=\"elementor-widget-container\">\n\t\t\t\t\t<h1 class=\"elementor-heading-title elementor-size-default\">Isolierte Stromschienen<\/h1>\t\t\t\t<\/div>\n\t\t\t\t<\/div>\n\t\t\t\t\t<\/div>\n\t\t<\/div>\n\t\t\t\t\t<\/div>\n\t\t<\/section>\n\t\t\t\t<section class=\"elementor-section elementor-inner-section elementor-element elementor-element-2c517e1 elementor-section-boxed elementor-section-height-default elementor-section-height-default\" data-id=\"2c517e1\" data-element_type=\"section\" data-e-type=\"section\" data-settings=\"{&quot;jet_parallax_layout_list&quot;:[{&quot;jet_parallax_layout_image&quot;:{&quot;url&quot;:&quot;&quot;,&quot;id&quot;:&quot;&quot;,&quot;size&quot;:&quot;&quot;},&quot;_id&quot;:&quot;a09670e&quot;,&quot;jet_parallax_layout_speed&quot;:{&quot;unit&quot;:&quot;%&quot;,&quot;size&quot;:50,&quot;sizes&quot;:[]},&quot;jet_parallax_layout_image_tablet&quot;:{&quot;url&quot;:&quot;&quot;,&quot;id&quot;:&quot;&quot;,&quot;size&quot;:&quot;&quot;},&quot;jet_parallax_layout_image_mobile&quot;:{&quot;url&quot;:&quot;&quot;,&quot;id&quot;:&quot;&quot;,&quot;size&quot;:&quot;&quot;},&quot;jet_parallax_layout_type&quot;:&quot;scroll&quot;,&quot;jet_parallax_layout_direction&quot;:&quot;1&quot;,&quot;jet_parallax_layout_fx_direction&quot;:null,&quot;jet_parallax_layout_z_index&quot;:&quot;&quot;,&quot;jet_parallax_layout_bg_x&quot;:50,&quot;jet_parallax_layout_bg_x_tablet&quot;:&quot;&quot;,&quot;jet_parallax_layout_bg_x_mobile&quot;:&quot;&quot;,&quot;jet_parallax_layout_bg_y&quot;:50,&quot;jet_parallax_layout_bg_y_tablet&quot;:&quot;&quot;,&quot;jet_parallax_layout_bg_y_mobile&quot;:&quot;&quot;,&quot;jet_parallax_layout_bg_size&quot;:&quot;auto&quot;,&quot;jet_parallax_layout_bg_size_tablet&quot;:&quot;&quot;,&quot;jet_parallax_layout_bg_size_mobile&quot;:&quot;&quot;,&quot;jet_parallax_layout_animation_prop&quot;:&quot;transform&quot;,&quot;jet_parallax_layout_on&quot;:[&quot;desktop&quot;,&quot;tablet&quot;]}]}\">\n\t\t\t\t\t\t<div class=\"elementor-container elementor-column-gap-default\">\n\t\t\t\t\t<div class=\"elementor-column elementor-col-50 elementor-inner-column elementor-element elementor-element-78256ff\" data-id=\"78256ff\" data-element_type=\"column\" data-e-type=\"column\" data-settings=\"{&quot;background_background&quot;:&quot;classic&quot;}\">\n\t\t\t<div class=\"elementor-widget-wrap\">\n\t\t\t\t\t\t\t<\/div>\n\t\t<\/div>\n\t\t\t\t<div class=\"elementor-column elementor-col-50 elementor-inner-column elementor-element elementor-element-3ddc63e\" data-id=\"3ddc63e\" data-element_type=\"column\" data-e-type=\"column\" data-settings=\"{&quot;background_background&quot;:&quot;classic&quot;}\">\n\t\t\t<div class=\"elementor-widget-wrap\">\n\t\t\t\t\t\t\t<\/div>\n\t\t<\/div>\n\t\t\t\t\t<\/div>\n\t\t<\/section>\n\t\t\t\t\t<\/div>\n\t\t<\/div>\n\t\t\t\t\t<\/div>\n\t\t<\/section>\n\t\t\t\t<section class=\"elementor-section elementor-top-section elementor-element elementor-element-d3eb9d0 elementor-section-boxed elementor-section-height-default elementor-section-height-default\" data-id=\"d3eb9d0\" data-element_type=\"section\" data-e-type=\"section\" data-settings=\"{&quot;jet_parallax_layout_list&quot;:[{&quot;jet_parallax_layout_image&quot;:{&quot;url&quot;:&quot;&quot;,&quot;id&quot;:&quot;&quot;,&quot;size&quot;:&quot;&quot;},&quot;_id&quot;:&quot;8babef3&quot;,&quot;jet_parallax_layout_speed&quot;:{&quot;unit&quot;:&quot;%&quot;,&quot;size&quot;:50,&quot;sizes&quot;:[]},&quot;jet_parallax_layout_image_tablet&quot;:{&quot;url&quot;:&quot;&quot;,&quot;id&quot;:&quot;&quot;,&quot;size&quot;:&quot;&quot;},&quot;jet_parallax_layout_image_mobile&quot;:{&quot;url&quot;:&quot;&quot;,&quot;id&quot;:&quot;&quot;,&quot;size&quot;:&quot;&quot;},&quot;jet_parallax_layout_type&quot;:&quot;scroll&quot;,&quot;jet_parallax_layout_direction&quot;:&quot;1&quot;,&quot;jet_parallax_layout_fx_direction&quot;:null,&quot;jet_parallax_layout_z_index&quot;:&quot;&quot;,&quot;jet_parallax_layout_bg_x&quot;:50,&quot;jet_parallax_layout_bg_x_tablet&quot;:&quot;&quot;,&quot;jet_parallax_layout_bg_x_mobile&quot;:&quot;&quot;,&quot;jet_parallax_layout_bg_y&quot;:50,&quot;jet_parallax_layout_bg_y_tablet&quot;:&quot;&quot;,&quot;jet_parallax_layout_bg_y_mobile&quot;:&quot;&quot;,&quot;jet_parallax_layout_bg_size&quot;:&quot;auto&quot;,&quot;jet_parallax_layout_bg_size_tablet&quot;:&quot;&quot;,&quot;jet_parallax_layout_bg_size_mobile&quot;:&quot;&quot;,&quot;jet_parallax_layout_animation_prop&quot;:&quot;transform&quot;,&quot;jet_parallax_layout_on&quot;:[&quot;desktop&quot;,&quot;tablet&quot;]}],&quot;background_background&quot;:&quot;classic&quot;}\">\n\t\t\t\t\t\t<div class=\"elementor-container elementor-column-gap-default\">\n\t\t\t\t\t<div class=\"elementor-column elementor-col-100 elementor-top-column elementor-element elementor-element-9bbd2a9\" data-id=\"9bbd2a9\" data-element_type=\"column\" data-e-type=\"column\" data-settings=\"{&quot;background_background&quot;:&quot;classic&quot;}\">\n\t\t\t<div class=\"elementor-widget-wrap elementor-element-populated\">\n\t\t\t\t\t\t<section class=\"elementor-section elementor-inner-section elementor-element elementor-element-4cafa3a elementor-section-boxed elementor-section-height-default elementor-section-height-default\" data-id=\"4cafa3a\" data-element_type=\"section\" data-e-type=\"section\" data-settings=\"{&quot;jet_parallax_layout_list&quot;:[{&quot;jet_parallax_layout_image&quot;:{&quot;url&quot;:&quot;&quot;,&quot;id&quot;:&quot;&quot;,&quot;size&quot;:&quot;&quot;},&quot;_id&quot;:&quot;80062ac&quot;,&quot;jet_parallax_layout_speed&quot;:{&quot;unit&quot;:&quot;%&quot;,&quot;size&quot;:50,&quot;sizes&quot;:[]},&quot;jet_parallax_layout_image_tablet&quot;:{&quot;url&quot;:&quot;&quot;,&quot;id&quot;:&quot;&quot;,&quot;size&quot;:&quot;&quot;},&quot;jet_parallax_layout_image_mobile&quot;:{&quot;url&quot;:&quot;&quot;,&quot;id&quot;:&quot;&quot;,&quot;size&quot;:&quot;&quot;},&quot;jet_parallax_layout_type&quot;:&quot;scroll&quot;,&quot;jet_parallax_layout_direction&quot;:&quot;1&quot;,&quot;jet_parallax_layout_fx_direction&quot;:null,&quot;jet_parallax_layout_z_index&quot;:&quot;&quot;,&quot;jet_parallax_layout_bg_x&quot;:50,&quot;jet_parallax_layout_bg_x_tablet&quot;:&quot;&quot;,&quot;jet_parallax_layout_bg_x_mobile&quot;:&quot;&quot;,&quot;jet_parallax_layout_bg_y&quot;:50,&quot;jet_parallax_layout_bg_y_tablet&quot;:&quot;&quot;,&quot;jet_parallax_layout_bg_y_mobile&quot;:&quot;&quot;,&quot;jet_parallax_layout_bg_size&quot;:&quot;auto&quot;,&quot;jet_parallax_layout_bg_size_tablet&quot;:&quot;&quot;,&quot;jet_parallax_layout_bg_size_mobile&quot;:&quot;&quot;,&quot;jet_parallax_layout_animation_prop&quot;:&quot;transform&quot;,&quot;jet_parallax_layout_on&quot;:[&quot;desktop&quot;,&quot;tablet&quot;]}]}\">\n\t\t\t\t\t\t<div class=\"elementor-container elementor-column-gap-default\">\n\t\t\t\t\t<div class=\"elementor-column elementor-col-100 elementor-inner-column elementor-element elementor-element-3964247\" data-id=\"3964247\" data-element_type=\"column\" data-e-type=\"column\">\n\t\t\t<div class=\"elementor-widget-wrap elementor-element-populated\">\n\t\t\t\t\t\t<div class=\"elementor-element elementor-element-066c74d elementor-widget elementor-widget-text-editor\" data-id=\"066c74d\" data-element_type=\"widget\" data-e-type=\"widget\" data-widget_type=\"text-editor.default\">\n\t\t\t\t<div class=\"elementor-widget-container\">\n\t\t\t\t\t\t\t\t\tWas sind\u00a0<span style=\"color: #ad1326;\">isolierte Stromschienen?<\/span>\t\t\t\t\t\t\t\t<\/div>\n\t\t\t\t<\/div>\n\t\t\t\t<div class=\"elementor-element elementor-element-91ac4c4 elementor-widget elementor-widget-text-editor\" data-id=\"91ac4c4\" data-element_type=\"widget\" data-e-type=\"widget\" data-widget_type=\"text-editor.default\">\n\t\t\t\t<div class=\"elementor-widget-container\">\n\t\t\t\t\t\t\t\t\t<p>Da Stromschienen bereits \u00fcber die Luft isoliert und gek\u00fchlt werden, ist eine Abschirmung meist nur durch eine Geh\u00e4usewand n\u00f6tig. In speziellen Situation ist es jedoch sinnvoll Stromschienen mithilfe von Schrumpfschl\u00e4uchen elektrisch zu isolieren.<\/p><p>Isolierte Stromschienen k\u00f6nnen, verglichen mit nicht isolierten Stromschienen, auf kompakterem Volumen zusammengebaut werden, bei einer gleichzeitig weitaus geringeren Gefahr vor Kurzschl\u00fcssen. Die hohe Steifigkeit von Stromschienen erm\u00f6glicht zwar, dass sie in Ihrer Form so gestaltet werden k\u00f6nnen, dass sie an verschiedenen Punkten anzapfen, ohne dass ungewollte Verbindungen entstehen. In F\u00e4llen mit beschr\u00e4nktem Bauraum kann aber vieles gegen eine Luftisolierung sprechen. Dann ist der Einsatz von isolierten Stromschienen besonders sinnvoll. Flexible Stromschienen werden standardm\u00e4\u00dfig isoliert. Hier hat die Isolierung den Nutzen einer elektrischen Abschirmung, die gleichzeitig die einzelnen Lamellen in Position h\u00e4lt und somit vor dem Verrutschen sch\u00fctzt. Da diese Form von Stromschienen beweglicher ist als starre Stromschienen, ist eine elektrische Abschirmung generell sehr sinnvoll.<\/p><h3>Eigenschaften von isolierten Stromschienen<\/h3><p>Durch immer h\u00f6here technische Anspr\u00fcche und immer kleinere Baur\u00e4ume wird die Bedeutung isolierter Stromschienen immer wichtiger. Wir fertigen isolierte Stromschienen in unserem modernen Maschinenpark in ISO 9001:2015 zertifizierter Qualit\u00e4t. Unser geschultes Fachpersonal kennt die hohen Anforderungen der Fertigung isolierter Stromschienen genau und stellt die Erf\u00fcllung dieser Anforderungen in jedem Arbeitsschritt sicher. Daf\u00fcr verwenden wir hochwertige Schrumpfschlauchisolierungen, welche mit modernen Schrumpfprozessen auf Ihre Stromschienen aufgebracht werden.<\/p><p>Aufgrund unserer Spezialisierung ist die effiziente Fertigung von isolierten Stromschienen zu wettbewerbsf\u00e4higen Preisen bei ausgezeichneter Qualit\u00e4t und kurzen Lieferzeiten m\u00f6glich.\u00a0 Dabei achten wir auf eine nachhaltige Fertigung, die mit der Goldmedaille von EcoVadis ausgezeichnet wurde.<\/p><p>Unsere exzellenten Mitarbeiter erm\u00f6glichen die Fertigung Ihrer isolierten Stromschienen in unserem modernen Maschinenpark und dem engen Netzwerk professioneller Partner. Zu unseren weiteren Leistungen z\u00e4hlt das Zuschneiden, Stanzen, Fr\u00e4sen, Lasern, Biegen, Abkanten, Schleifen, Gewindeschneiden, Einbringen von Einpresselementen und Beschichten.<\/p><h2>FAQ:<\/h2><h3>Nach welchen Qualit\u00e4tsstandards werden isolierte Stromschienen gefertigt?<\/h3><p>Wir fertigen nach ISO 9001:2015 zertifiziertem Standard und sind von EcoVadis mit der Goldmedaille ausgezeichnet. Gerne k\u00f6nnen Sie uns f\u00fcr detaillierte Zertifizierungsergebnisse kontaktieren!<\/p><h3>Welche Stromschienen lassen sich isolieren?<\/h3><p>Nahezu alle Stromschienen k\u00f6nnen isoliert werden. Schicken Sie uns hierzu gerne eine Anfrage und wir \u00fcberpr\u00fcfen die Machbarkeit!<\/p><h3>Wie teuer sind isolierte Stromschienen von Licht + Technik?<\/h3><p>Da wir auf die Herstellung individueller Stromschienen spezialisiert sind, k\u00f6nnen wir diese auch mit Isolierung zu besten Preisen anbieten. F\u00fcr ein Angebot schicken Sie uns gerne eine Anfrage!<\/p><h3>Welche Lieferzeiten sind einzuplanen?<\/h3><p>Unser enges Lieferantennetzwerk erm\u00f6glicht bestm\u00f6gliche Lieferzeiten. Die Lieferzeiten h\u00e4ngen gleichzeitig von der Komplexit\u00e4t Ihrer Stromschienen ab. F\u00fcr eine genaue Auskunft zu Ihren Produkten k\u00f6nnen Sie uns gerne eine Anfrage schicken!<\/p><p><!-- FeedbackWP Plugin --><div        class=\"rmp-widgets-container rmp-wp-plugin rmp-main-container js-rmp-widgets-container js-rmp-widgets-container--4484 \"        data-post-id=\"4484\">        <!-- Rating widget -->    <div class=\"rmp-rating-widget js-rmp-rating-widget\" role=\"group\" aria-labelledby=\"rmp-title-4484\">                        <div class=\"rmp-rating-widget__icons\">            <ul class=\"rmp-rating-widget__icons-list js-rmp-rating-icons-list\" role=\"radiogroup\" aria-label=\"Rating from 1 to 5\">                                                        <li                            class=\"rmp-rating-widget__icons-list__icon js-rmp-rating-item\"                            data-descriptive-rating=\"\"                            data-value=\"1\"                            role=\"radio\"                            aria-checked=\"false\"                            aria-label=\"1 out of 5: \"                            tabindex=\"0\"                    >                        <i class=\"js-rmp-rating-icon rmp-icon rmp-icon--ratings rmp-icon--star rmp-icon--full-highlight\" aria-hidden=\"true\"><\/i>                    <\/li>                                                        <li                            class=\"rmp-rating-widget__icons-list__icon js-rmp-rating-item\"                            data-descriptive-rating=\"\"                            data-value=\"2\"                            role=\"radio\"                            aria-checked=\"false\"                            aria-label=\"2 out of 5: \"                            tabindex=\"-1\"                    >                        <i class=\"js-rmp-rating-icon rmp-icon rmp-icon--ratings rmp-icon--star rmp-icon--full-highlight\" aria-hidden=\"true\"><\/i>                    <\/li>                                                        <li                            class=\"rmp-rating-widget__icons-list__icon js-rmp-rating-item\"                            data-descriptive-rating=\"\"                            data-value=\"3\"                            role=\"radio\"                            aria-checked=\"false\"                            aria-label=\"3 out of 5: \"                            tabindex=\"-1\"                    >                        <i class=\"js-rmp-rating-icon rmp-icon rmp-icon--ratings rmp-icon--star rmp-icon--full-highlight\" aria-hidden=\"true\"><\/i>                    <\/li>                                                        <li                            class=\"rmp-rating-widget__icons-list__icon js-rmp-rating-item\"                            data-descriptive-rating=\"\"                            data-value=\"4\"                            role=\"radio\"                            aria-checked=\"false\"                            aria-label=\"4 out of 5: \"                            tabindex=\"-1\"                    >                        <i class=\"js-rmp-rating-icon rmp-icon rmp-icon--ratings rmp-icon--star rmp-icon--full-highlight\" aria-hidden=\"true\"><\/i>                    <\/li>                                                        <li                            class=\"rmp-rating-widget__icons-list__icon js-rmp-rating-item\"                            data-descriptive-rating=\"\"                            data-value=\"5\"                            role=\"radio\"                            aria-checked=\"false\"                            aria-label=\"5 out of 5: \"                            tabindex=\"-1\"                    >                        <i class=\"js-rmp-rating-icon rmp-icon rmp-icon--ratings rmp-icon--star rmp-icon--full-highlight\" aria-hidden=\"true\"><\/i>                    <\/li>                            <\/ul>        <\/div>        <p class=\"rmp-rating-widget__hover-text js-rmp-hover-text\" aria-live=\"polite\"><\/p>                <button class=\"rmp-rating-widget__submit-btn rmp-btn js-submit-rating-btn\">                    <\/button>        <div aria-live=\"polite\" aria-atomic=\"true\">            <p class=\"rmp-rating-widget__results js-rmp-results \">                 <span class=\"rmp-rating-widget__results__rating js-rmp-avg-rating\">4.8<\/span> \/ 5.  <span class=\"rmp-rating-widget__results__votes js-rmp-vote-count\">5<\/span>            <\/p>            <p class=\"rmp-rating-widget__not-rated js-rmp-not-rated rmp-rating-widget__not-rated--hidden\">                            <\/p>            <p class=\"rmp-rating-widget__msg js-rmp-msg\" role=\"status\"><\/p>        <\/div>    <\/div>    <!--Structured data -->    <script type=\"application\/ld+json\">{\"@context\":\"http:\/\/schema.org\",\"@type\":\"CreativeWorkSeries\",\"aggregateRating\":{\"@type\":\"AggregateRating\",\"bestRating\":\"5\",\"ratingCount\":\"5\",\"ratingValue\":\"4.8\"},\"image\":\"\",\"name\":\"Isolierte Stromschienen von LICHT + TECHNIK\",\"description\":\"Isolierte Stromschienen von LICHT + TECHNIK\"}<\/script>                <!-- Feedback widget -->        <div class=\"rmp-feedback-widget js-rmp-feedback-widget\">  <p class=\"rmp-heading rmp-heading--title\">      <\/p>  <p class=\"rmp-heading rmp-heading--subtitle\">      <\/p>    <div class=\"rmp-feedback-widget__container\">    <p class=\"rmp-feedback-widget__text\">          <\/p>    <textarea class=\"rmp-feedback-widget__input js-rmp-feedback-input\" rows=\"5\" id=\"feedback-text\"><\/textarea>        <button type=\"button\" class=\"rmp-feedback-widget__btn rmp-btn rmp-btn--large js-rmp-feedback-button\">          <\/button>    <div class=\"rmp-feedback-widget__loader js-rmp-feedback-loader\">      <div><\/div><div><\/div><div><\/div>    <\/div>    <p class=\"rmp-feedback-widget__msg js-rmp-feedback-msg\"><\/p>  <\/div>  <\/div>        <\/div><\/p>\t\t\t\t\t\t\t\t<\/div>\n\t\t\t\t<\/div>\n\t\t\t\t\t<\/div>\n\t\t<\/div>\n\t\t\t\t\t<\/div>\n\t\t<\/section>\n\t\t\t\t\t<\/div>\n\t\t<\/div>\n\t\t\t\t\t<\/div>\n\t\t<\/section>\n\t\t\t\t<\/div>\n\t\t","protected":false},"excerpt":{"rendered":"<p>Isolierte Stromschienen LICHT + TECHNIK Isolierte Stromschienen Was sind\u00a0isolierte Stromschienen? Da Stromschienen bereits \u00fcber die Luft isoliert und gek\u00fchlt werden, ist eine Abschirmung meist nur durch eine Geh\u00e4usewand n\u00f6tig. In speziellen Situation ist es jedoch sinnvoll Stromschienen mithilfe von Schrumpfschl\u00e4uchen elektrisch zu isolieren. Isolierte Stromschienen k\u00f6nnen, verglichen mit nicht isolierten Stromschienen, auf kompakterem Volumen zusammengebaut [&hellip;]<\/p>\n","protected":false},"author":6,"featured_media":0,"parent":0,"menu_order":0,"comment_status":"closed","ping_status":"closed","template":"","meta":{"_exactmetrics_skip_tracking":false,"_exactmetrics_sitenote_active":false,"_exactmetrics_sitenote_note":"","_exactmetrics_sitenote_category":0,"footnotes":""},"class_list":["post-4484","page","type-page","status-publish","hentry"],"_links":{"self":[{"href":"https:\/\/lichtplustechnik.de\/en\/wp-json\/wp\/v2\/pages\/4484","targetHints":{"allow":["GET"]}}],"collection":[{"href":"https:\/\/lichtplustechnik.de\/en\/wp-json\/wp\/v2\/pages"}],"about":[{"href":"https:\/\/lichtplustechnik.de\/en\/wp-json\/wp\/v2\/types\/page"}],"author":[{"embeddable":true,"href":"https:\/\/lichtplustechnik.de\/en\/wp-json\/wp\/v2\/users\/6"}],"replies":[{"embeddable":true,"href":"https:\/\/lichtplustechnik.de\/en\/wp-json\/wp\/v2\/comments?post=4484"}],"version-history":[{"count":26,"href":"https:\/\/lichtplustechnik.de\/en\/wp-json\/wp\/v2\/pages\/4484\/revisions"}],"predecessor-version":[{"id":5144,"href":"https:\/\/lichtplustechnik.de\/en\/wp-json\/wp\/v2\/pages\/4484\/revisions\/5144"}],"wp:attachment":[{"href":"https:\/\/lichtplustechnik.de\/en\/wp-json\/wp\/v2\/media?parent=4484"}],"curies":[{"name":"wp","href":"https:\/\/api.w.org\/{rel}","templated":true}]}}